{"id":546,"date":"2021-07-27T09:56:40","date_gmt":"2020-07-27T07:56:40","guid":{"rendered":"https:\/\/www.champagnejeangout.com\/champagne\/546\/"},"modified":"2024-10-02T14:35:09","modified_gmt":"2024-10-02T12:35:09","slug":"rose","status":"publish","type":"product","link":"https:\/\/www.champagnejeangout.com\/en\/champagne\/rose\/","title":{"rendered":"Ros\u00e9 de Saign\u00e9e"},"content":{"rendered":"<h3>To the eye<\/h3>\n<p>The captivating redcurrant colour of this premier cru champagne invites us to discover it. We have fine bubbles when served and a ruby red colour.<\/p>\n<h3>On the nose<\/h3>\n<p>Following its graceful regular strings of fine bubbles, it is first of all a bouquet of small wild strawberry scents that delicately reaches our senses and guides us towards a universe of caramelised sweetness.<\/p>\n<p>The expressive nose opens up with a profile of red fruit, cherry and blackcurrant.<\/p>\n<h3>In the mouth<\/h3>\n<p>The palate is crisp, exhaling aromas of redcurrants and fleshy blackberries between refined effervescence and a precise dosage. This exceptional wine would be in perfect harmony with a duck breast cooked a la plancha and accompanied by a reduction of meat juice with cranberries.<\/p>\n<p>&nbsp;<\/p>\n<p><img loading=\"lazy\" decoding=\"async\" class=\"alignnone size-full wp-image-1804 aligncenter\" src=\"https:\/\/www.champagnejeangout.com\/wp-content\/uploads\/2020\/07\/hve-haute-valeur-environnementale-min.png\" alt=\"HVE : Haute valeur environnementale\" width=\"125\" height=\"125\" \/><\/p>\n","protected":false},"excerpt":{"rendered":"<p>Made from Pinot Noir grapes, our Ros\u00e9 is produced by &#8220;Saign\u00e9e&#8221;. After several hours in contact with the grape skins, the juice acquires a natural ruby colour, intoxicating with subtle but deep aromas of red fruits for a fruity and expressive champagne.<\/p>\n","protected":false},"featured_media":4170,"template":"","meta":{"_acf_changed":false},"product_brand":[],"product_cat":[31],"product_tag":[],"class_list":{"0":"post-546","1":"product","2":"type-product","3":"status-publish","4":"has-post-thumbnail","6":"product_cat-champagne-en","8":"first","9":"instock","10":"taxable","11":"shipping-taxable","12":"purchasable","13":"product-type-variable"},"acf":[],"yoast_head":"<!-- This site is optimized with the Yoast SEO plugin v25.2 - https:\/\/yoast.com\/wordpress\/plugins\/seo\/ -->\n<title>Champagne Ros\u00e9 de Saign\u00e9e - Champagne Jeangout<\/title>\n<meta name=\"description\" content=\"Made from Pinot Noir grapes, our Ros\u00e9 is produced by &quot;Saign\u00e9e&quot;. After several hours in contact with the grape skins, the juice acquires a natural ruby colour, intoxicating with subtle but deep aromas of red fruits for a fruity and expressive champagne.\" \/>\n<meta name=\"robots\" content=\"index, follow, max-snippet:-1, max-image-preview:large, max-video-preview:-1\" \/>\n<link rel=\"canonical\" href=\"https:\/\/www.champagnejeangout.com\/en\/champagne\/rose\/\" \/>\n<meta property=\"og:locale\" content=\"en_US\" \/>\n<meta property=\"og:type\" content=\"article\" \/>\n<meta property=\"og:title\" content=\"Champagne Ros\u00e9 de Saign\u00e9e - Champagne Jeangout\" \/>\n<meta property=\"og:description\" content=\"Made from Pinot Noir grapes, our Ros\u00e9 is produced by &quot;Saign\u00e9e&quot;. After several hours in contact with the grape skins, the juice acquires a natural ruby colour, intoxicating with subtle but deep aromas of red fruits for a fruity and expressive champagne.\" \/>\n<meta property=\"og:url\" content=\"https:\/\/www.champagnejeangout.com\/en\/champagne\/rose\/\" \/>\n<meta property=\"og:site_name\" content=\"Champagne Jeangout\" \/>\n<meta property=\"article:publisher\" content=\"https:\/\/www.facebook.com\/champagnejeangout\/\" \/>\n<meta property=\"article:modified_time\" content=\"2024-10-02T12:35:09+00:00\" \/>\n<meta property=\"og:image\" content=\"https:\/\/www.champagnejeangout.com\/wp-content\/uploads\/2024\/10\/Jeangout-rose-de-saignee.png\" \/>\n\t<meta property=\"og:image:width\" content=\"512\" \/>\n\t<meta property=\"og:image:height\" content=\"1024\" \/>\n\t<meta property=\"og:image:type\" content=\"image\/png\" \/>\n<meta name=\"twitter:card\" content=\"summary_large_image\" \/>\n<meta name=\"twitter:label1\" content=\"Est. reading time\" \/>\n\t<meta name=\"twitter:data1\" content=\"2 minutes\" \/>\n<script type=\"application\/ld+json\" class=\"yoast-schema-graph\">{\"@context\":\"https:\/\/schema.org\",\"@graph\":[{\"@type\":\"WebPage\",\"@id\":\"https:\/\/www.champagnejeangout.com\/en\/champagne\/rose\/\",\"url\":\"https:\/\/www.champagnejeangout.com\/en\/champagne\/rose\/\",\"name\":\"Champagne Ros\u00e9 de Saign\u00e9e - Champagne Jeangout\",\"isPartOf\":{\"@id\":\"https:\/\/www.champagnejeangout.com\/en\/#website\"},\"primaryImageOfPage\":{\"@id\":\"https:\/\/www.champagnejeangout.com\/en\/champagne\/rose\/#primaryimage\"},\"image\":{\"@id\":\"https:\/\/www.champagnejeangout.com\/en\/champagne\/rose\/#primaryimage\"},\"thumbnailUrl\":\"https:\/\/www.champagnejeangout.com\/wp-content\/uploads\/2024\/10\/Jeangout-rose-de-saignee.png\",\"datePublished\":\"2020-07-27T07:56:40+00:00\",\"dateModified\":\"2024-10-02T12:35:09+00:00\",\"description\":\"Made from Pinot Noir grapes, our Ros\u00e9 is produced by \\\"Saign\u00e9e\\\". After several hours in contact with the grape skins, the juice acquires a natural ruby colour, intoxicating with subtle but deep aromas of red fruits for a fruity and expressive champagne.\",\"breadcrumb\":{\"@id\":\"https:\/\/www.champagnejeangout.com\/en\/champagne\/rose\/#breadcrumb\"},\"inLanguage\":\"en-US\",\"potentialAction\":[{\"@type\":\"ReadAction\",\"target\":[\"https:\/\/www.champagnejeangout.com\/en\/champagne\/rose\/\"]}]},{\"@type\":\"ImageObject\",\"inLanguage\":\"en-US\",\"@id\":\"https:\/\/www.champagnejeangout.com\/en\/champagne\/rose\/#primaryimage\",\"url\":\"https:\/\/www.champagnejeangout.com\/wp-content\/uploads\/2024\/10\/Jeangout-rose-de-saignee.png\",\"contentUrl\":\"https:\/\/www.champagnejeangout.com\/wp-content\/uploads\/2024\/10\/Jeangout-rose-de-saignee.png\",\"width\":512,\"height\":1024,\"caption\":\"Champagne Jeangout - Ros\u00e9 de saign\u00e9e\"},{\"@type\":\"BreadcrumbList\",\"@id\":\"https:\/\/www.champagnejeangout.com\/en\/champagne\/rose\/#breadcrumb\",\"itemListElement\":[{\"@type\":\"ListItem\",\"position\":1,\"name\":\"Accueil\",\"item\":\"https:\/\/www.champagnejeangout.com\/en\/\"},{\"@type\":\"ListItem\",\"position\":2,\"name\":\"Our Champagnes\",\"item\":\"https:\/\/www.champagnejeangout.com\/en\/our-champagnes\/\"},{\"@type\":\"ListItem\",\"position\":3,\"name\":\"Ros\u00e9 de Saign\u00e9e\"}]},{\"@type\":\"WebSite\",\"@id\":\"https:\/\/www.champagnejeangout.com\/en\/#website\",\"url\":\"https:\/\/www.champagnejeangout.com\/en\/\",\"name\":\"Champagne Jeangout\",\"description\":\"Maison de Champagne &amp; Chambres d&#039;H\u00f4tes\",\"publisher\":{\"@id\":\"https:\/\/www.champagnejeangout.com\/en\/#organization\"},\"potentialAction\":[{\"@type\":\"SearchAction\",\"target\":{\"@type\":\"EntryPoint\",\"urlTemplate\":\"https:\/\/www.champagnejeangout.com\/en\/?s={search_term_string}\"},\"query-input\":{\"@type\":\"PropertyValueSpecification\",\"valueRequired\":true,\"valueName\":\"search_term_string\"}}],\"inLanguage\":\"en-US\"},{\"@type\":\"Organization\",\"@id\":\"https:\/\/www.champagnejeangout.com\/en\/#organization\",\"name\":\"Champage Jeangout\",\"url\":\"https:\/\/www.champagnejeangout.com\/en\/\",\"logo\":{\"@type\":\"ImageObject\",\"inLanguage\":\"en-US\",\"@id\":\"https:\/\/www.champagnejeangout.com\/en\/#\/schema\/logo\/image\/\",\"url\":\"https:\/\/www.champagnejeangout.com\/wp-content\/uploads\/2020\/07\/logo-champagne-jeangout.png\",\"contentUrl\":\"https:\/\/www.champagnejeangout.com\/wp-content\/uploads\/2020\/07\/logo-champagne-jeangout.png\",\"width\":600,\"height\":525,\"caption\":\"Champage Jeangout\"},\"image\":{\"@id\":\"https:\/\/www.champagnejeangout.com\/en\/#\/schema\/logo\/image\/\"},\"sameAs\":[\"https:\/\/www.facebook.com\/champagnejeangout\/\",\"https:\/\/www.instagram.com\/champagnejeangout\/\",\"https:\/\/www.linkedin.com\/company\/champagne-jeangout\/about\/\"]}]}<\/script>\n<!-- \/ Yoast SEO plugin. -->","yoast_head_json":{"title":"Champagne Ros\u00e9 de Saign\u00e9e - Champagne Jeangout","description":"Made from Pinot Noir grapes, our Ros\u00e9 is produced by \"Saign\u00e9e\". After several hours in contact with the grape skins, the juice acquires a natural ruby colour, intoxicating with subtle but deep aromas of red fruits for a fruity and expressive champagne.","robots":{"index":"index","follow":"follow","max-snippet":"max-snippet:-1","max-image-preview":"max-image-preview:large","max-video-preview":"max-video-preview:-1"},"canonical":"https:\/\/www.champagnejeangout.com\/en\/champagne\/rose\/","og_locale":"en_US","og_type":"article","og_title":"Champagne Ros\u00e9 de Saign\u00e9e - Champagne Jeangout","og_description":"Made from Pinot Noir grapes, our Ros\u00e9 is produced by \"Saign\u00e9e\". After several hours in contact with the grape skins, the juice acquires a natural ruby colour, intoxicating with subtle but deep aromas of red fruits for a fruity and expressive champagne.","og_url":"https:\/\/www.champagnejeangout.com\/en\/champagne\/rose\/","og_site_name":"Champagne Jeangout","article_publisher":"https:\/\/www.facebook.com\/champagnejeangout\/","article_modified_time":"2024-10-02T12:35:09+00:00","og_image":[{"width":512,"height":1024,"url":"https:\/\/www.champagnejeangout.com\/wp-content\/uploads\/2024\/10\/Jeangout-rose-de-saignee.png","type":"image\/png"}],"twitter_card":"summary_large_image","twitter_misc":{"Est. reading time":"2 minutes"},"schema":{"@context":"https:\/\/schema.org","@graph":[{"@type":"WebPage","@id":"https:\/\/www.champagnejeangout.com\/en\/champagne\/rose\/","url":"https:\/\/www.champagnejeangout.com\/en\/champagne\/rose\/","name":"Champagne Ros\u00e9 de Saign\u00e9e - Champagne Jeangout","isPartOf":{"@id":"https:\/\/www.champagnejeangout.com\/en\/#website"},"primaryImageOfPage":{"@id":"https:\/\/www.champagnejeangout.com\/en\/champagne\/rose\/#primaryimage"},"image":{"@id":"https:\/\/www.champagnejeangout.com\/en\/champagne\/rose\/#primaryimage"},"thumbnailUrl":"https:\/\/www.champagnejeangout.com\/wp-content\/uploads\/2024\/10\/Jeangout-rose-de-saignee.png","datePublished":"2020-07-27T07:56:40+00:00","dateModified":"2024-10-02T12:35:09+00:00","description":"Made from Pinot Noir grapes, our Ros\u00e9 is produced by \"Saign\u00e9e\". After several hours in contact with the grape skins, the juice acquires a natural ruby colour, intoxicating with subtle but deep aromas of red fruits for a fruity and expressive champagne.","breadcrumb":{"@id":"https:\/\/www.champagnejeangout.com\/en\/champagne\/rose\/#breadcrumb"},"inLanguage":"en-US","potentialAction":[{"@type":"ReadAction","target":["https:\/\/www.champagnejeangout.com\/en\/champagne\/rose\/"]}]},{"@type":"ImageObject","inLanguage":"en-US","@id":"https:\/\/www.champagnejeangout.com\/en\/champagne\/rose\/#primaryimage","url":"https:\/\/www.champagnejeangout.com\/wp-content\/uploads\/2024\/10\/Jeangout-rose-de-saignee.png","contentUrl":"https:\/\/www.champagnejeangout.com\/wp-content\/uploads\/2024\/10\/Jeangout-rose-de-saignee.png","width":512,"height":1024,"caption":"Champagne Jeangout - Ros\u00e9 de saign\u00e9e"},{"@type":"BreadcrumbList","@id":"https:\/\/www.champagnejeangout.com\/en\/champagne\/rose\/#breadcrumb","itemListElement":[{"@type":"ListItem","position":1,"name":"Accueil","item":"https:\/\/www.champagnejeangout.com\/en\/"},{"@type":"ListItem","position":2,"name":"Our Champagnes","item":"https:\/\/www.champagnejeangout.com\/en\/our-champagnes\/"},{"@type":"ListItem","position":3,"name":"Ros\u00e9 de Saign\u00e9e"}]},{"@type":"WebSite","@id":"https:\/\/www.champagnejeangout.com\/en\/#website","url":"https:\/\/www.champagnejeangout.com\/en\/","name":"Champagne Jeangout","description":"Maison de Champagne &amp; Chambres d&#039;H\u00f4tes","publisher":{"@id":"https:\/\/www.champagnejeangout.com\/en\/#organization"},"potentialAction":[{"@type":"SearchAction","target":{"@type":"EntryPoint","urlTemplate":"https:\/\/www.champagnejeangout.com\/en\/?s={search_term_string}"},"query-input":{"@type":"PropertyValueSpecification","valueRequired":true,"valueName":"search_term_string"}}],"inLanguage":"en-US"},{"@type":"Organization","@id":"https:\/\/www.champagnejeangout.com\/en\/#organization","name":"Champage Jeangout","url":"https:\/\/www.champagnejeangout.com\/en\/","logo":{"@type":"ImageObject","inLanguage":"en-US","@id":"https:\/\/www.champagnejeangout.com\/en\/#\/schema\/logo\/image\/","url":"https:\/\/www.champagnejeangout.com\/wp-content\/uploads\/2020\/07\/logo-champagne-jeangout.png","contentUrl":"https:\/\/www.champagnejeangout.com\/wp-content\/uploads\/2020\/07\/logo-champagne-jeangout.png","width":600,"height":525,"caption":"Champage Jeangout"},"image":{"@id":"https:\/\/www.champagnejeangout.com\/en\/#\/schema\/logo\/image\/"},"sameAs":["https:\/\/www.facebook.com\/champagnejeangout\/","https:\/\/www.instagram.com\/champagnejeangout\/","https:\/\/www.linkedin.com\/company\/champagne-jeangout\/about\/"]}]}},"jetpack_sharing_enabled":true,"_links":{"self":[{"href":"https:\/\/www.champagnejeangout.com\/en\/wp-json\/wp\/v2\/product\/546","targetHints":{"allow":["GET"]}}],"collection":[{"href":"https:\/\/www.champagnejeangout.com\/en\/wp-json\/wp\/v2\/product"}],"about":[{"href":"https:\/\/www.champagnejeangout.com\/en\/wp-json\/wp\/v2\/types\/product"}],"wp:featuredmedia":[{"embeddable":true,"href":"https:\/\/www.champagnejeangout.com\/en\/wp-json\/wp\/v2\/media\/4170"}],"wp:attachment":[{"href":"https:\/\/www.champagnejeangout.com\/en\/wp-json\/wp\/v2\/media?parent=546"}],"wp:term":[{"taxonomy":"product_brand","embeddable":true,"href":"https:\/\/www.champagnejeangout.com\/en\/wp-json\/wp\/v2\/product_brand?post=546"},{"taxonomy":"product_cat","embeddable":true,"href":"https:\/\/www.champagnejeangout.com\/en\/wp-json\/wp\/v2\/product_cat?post=546"},{"taxonomy":"product_tag","embeddable":true,"href":"https:\/\/www.champagnejeangout.com\/en\/wp-json\/wp\/v2\/product_tag?post=546"}],"curies":[{"name":"wp","href":"https:\/\/api.w.org\/{rel}","templated":true}]}}