{"id":450,"date":"2020-10-21T15:06:16","date_gmt":"2020-10-21T13:06:16","guid":{"rendered":"https:\/\/www.champagnejeangout.com\/?page_id=450"},"modified":"2025-02-27T16:22:18","modified_gmt":"2025-02-27T15:22:18","slug":"reve-champenois-2","status":"publish","type":"page","link":"https:\/\/www.champagnejeangout.com\/en\/reve-champenois-2\/","title":{"rendered":"R\u00eave Champenois"},"content":{"rendered":"<div class=\"wp-block-columns is-layout-flex wp-container-core-columns-is-layout-9d6595d7 wp-block-columns-is-layout-flex\"><div class=\"wp-block-column is-vertically-aligned-center is-layout-flow wp-block-column-is-layout-flow\"><figure class=\"wp-block-image size-large\"><img loading=\"lazy\" decoding=\"async\" width=\"1024\" height=\"683\" src=\"https:\/\/www.champagnejeangout.com\/wp-content\/uploads\/2020\/08\/IMG_3745-1024x683.jpg\" alt=\"\" class=\"wp-image-3440\" srcset=\"https:\/\/www.champagnejeangout.com\/wp-content\/uploads\/2020\/08\/IMG_3745-1024x683.jpg 1024w, https:\/\/www.champagnejeangout.com\/wp-content\/uploads\/2020\/08\/IMG_3745-400x267.jpg 400w, https:\/\/www.champagnejeangout.com\/wp-content\/uploads\/2020\/08\/IMG_3745-768x512.jpg 768w, https:\/\/www.champagnejeangout.com\/wp-content\/uploads\/2020\/08\/IMG_3745-1536x1024.jpg 1536w, https:\/\/www.champagnejeangout.com\/wp-content\/uploads\/2020\/08\/IMG_3745-2048x1365.jpg 2048w, https:\/\/www.champagnejeangout.com\/wp-content\/uploads\/2020\/08\/IMG_3745-500x333.jpg 500w, https:\/\/www.champagnejeangout.com\/wp-content\/uploads\/2020\/08\/IMG_3745-800x533.jpg 800w, https:\/\/www.champagnejeangout.com\/wp-content\/uploads\/2020\/08\/IMG_3745-1280x853.jpg 1280w, https:\/\/www.champagnejeangout.com\/wp-content\/uploads\/2020\/08\/IMG_3745-1920x1280.jpg 1920w, https:\/\/www.champagnejeangout.com\/wp-content\/uploads\/2020\/08\/IMG_3745-1200x800.jpg 1200w\" sizes=\"auto, (max-width: 1024px) 100vw, 1024px\" \/><\/figure><\/div>\n\n<div class=\"wp-block-column is-vertically-aligned-center bg-home-left is-layout-flow wp-block-column-is-layout-flow\"><p class=\"has-huge-font-size\"><strong><span style=\"color:#e0a7ac\" class=\"has-inline-color\">1998<\/span><\/strong><\/p>\n\n<p class=\"has-text-align-left\">In 1998, Sandrine created <strong>R\u00eave Champenois<\/strong> in Rilly-la-Montagne, with 4 rooms in a warm family setting. R\u00eave Champenois is located on the wine-growing holding of Champagne Jeangout, close to nature for an unforgettable stay to discover Champagne and its heritage. For a trip in all serenity, Sandrine, of attentive nature, will know how to guide you throughout your stay.<\/p><\/div><\/div><div class=\"wp-block-columns is-layout-flex wp-container-core-columns-is-layout-9d6595d7 wp-block-columns-is-layout-flex\"><div class=\"wp-block-column is-vertically-aligned-center bg-home-right is-layout-flow wp-block-column-is-layout-flow\"><p class=\"has-text-align-right\"><a href=\"https:\/\/www.champagnejeangout.com\/en\/reve-champenois\/\">Discover &amp; book our rooms<\/a><\/p>\n\n<div style=\"height:100px\" aria-hidden=\"true\" class=\"wp-block-spacer\"><\/div>\n\n<div class=\"wp-block-image\"><figure class=\"alignright size-large is-resized\"><img decoding=\"async\" src=\"https:\/\/www.champagnejeangout.com\/wp-content\/uploads\/2020\/09\/Logo-Reve-Champenois.png\" alt=\"\" class=\"wp-image-382\" style=\"width:162px;height:136px\"\/><\/figure><\/div><\/div>\n\n<div class=\"wp-block-column m-0 is-layout-flow wp-block-column-is-layout-flow\"><div class=\"wp-block-image\"><figure class=\"alignleft size-large\"><img loading=\"lazy\" decoding=\"async\" width=\"1024\" height=\"683\" src=\"https:\/\/www.champagnejeangout.com\/wp-content\/uploads\/2025\/02\/IMG_2226-1024x683.jpg\" alt=\"\" class=\"wp-image-4762\" srcset=\"https:\/\/www.champagnejeangout.com\/wp-content\/uploads\/2025\/02\/IMG_2226-1024x683.jpg 1024w, https:\/\/www.champagnejeangout.com\/wp-content\/uploads\/2025\/02\/IMG_2226-400x267.jpg 400w, https:\/\/www.champagnejeangout.com\/wp-content\/uploads\/2025\/02\/IMG_2226-768x512.jpg 768w, https:\/\/www.champagnejeangout.com\/wp-content\/uploads\/2025\/02\/IMG_2226-1536x1024.jpg 1536w, https:\/\/www.champagnejeangout.com\/wp-content\/uploads\/2025\/02\/IMG_2226-2048x1365.jpg 2048w, https:\/\/www.champagnejeangout.com\/wp-content\/uploads\/2025\/02\/IMG_2226-1200x800.jpg 1200w, https:\/\/www.champagnejeangout.com\/wp-content\/uploads\/2025\/02\/IMG_2226-500x333.jpg 500w, https:\/\/www.champagnejeangout.com\/wp-content\/uploads\/2025\/02\/IMG_2226-800x533.jpg 800w, https:\/\/www.champagnejeangout.com\/wp-content\/uploads\/2025\/02\/IMG_2226-1280x853.jpg 1280w, https:\/\/www.champagnejeangout.com\/wp-content\/uploads\/2025\/02\/IMG_2226-1920x1280.jpg 1920w\" sizes=\"auto, (max-width: 1024px) 100vw, 1024px\" \/><\/figure><\/div>\n\n<p><\/p><\/div><\/div><p><\/p>","protected":false},"excerpt":{"rendered":"<p>1998 In 1998, Sandrine created R\u00eave Champenois in Rilly-la-Montagne, with 4 rooms in a warm family setting. R\u00eave Champenois is located on the wine-growing holding of Champagne Jeangout, close to nature for an unforgettable stay to discover Champagne and its heritage. For a trip in all serenity, Sandrine, of attentive nature, will know how to [&hellip;]<\/p>\n","protected":false},"author":3,"featured_media":0,"parent":0,"menu_order":1,"comment_status":"closed","ping_status":"closed","template":"","meta":{"_acf_changed":false,"footnotes":""},"class_list":["post-450","page","type-page","status-publish","hentry"],"acf":[],"yoast_head":"<!-- This site is optimized with the Yoast SEO plugin v25.2 - https:\/\/yoast.com\/wordpress\/plugins\/seo\/ -->\n<title>R\u00eave Champenois - Champagne Jeangout<\/title>\n<meta name=\"description\" content=\"1998 In 1998, Sandrine created R\u00eave Champenois in Rilly-la-Montagne, with 4 rooms in a warm family setting. R\u00eave Champenois is located on the wine-growing\" \/>\n<meta name=\"robots\" content=\"index, follow, max-snippet:-1, max-image-preview:large, max-video-preview:-1\" \/>\n<link rel=\"canonical\" href=\"https:\/\/www.champagnejeangout.com\/en\/reve-champenois-2\/\" \/>\n<meta property=\"og:locale\" content=\"en_US\" \/>\n<meta property=\"og:type\" content=\"article\" \/>\n<meta property=\"og:title\" content=\"R\u00eave Champenois - Champagne Jeangout\" \/>\n<meta property=\"og:description\" content=\"1998 In 1998, Sandrine created R\u00eave Champenois in Rilly-la-Montagne, with 4 rooms in a warm family setting. R\u00eave Champenois is located on the wine-growing\" \/>\n<meta property=\"og:url\" content=\"https:\/\/www.champagnejeangout.com\/en\/reve-champenois-2\/\" \/>\n<meta property=\"og:site_name\" content=\"Champagne Jeangout\" \/>\n<meta property=\"article:publisher\" content=\"https:\/\/www.facebook.com\/champagnejeangout\/\" \/>\n<meta property=\"article:modified_time\" content=\"2025-02-27T15:22:18+00:00\" \/>\n<meta property=\"og:image\" content=\"https:\/\/www.champagnejeangout.com\/wp-content\/uploads\/2020\/08\/IMG_3745-scaled.jpg\" \/>\n\t<meta property=\"og:image:width\" content=\"2560\" \/>\n\t<meta property=\"og:image:height\" content=\"1707\" \/>\n\t<meta property=\"og:image:type\" content=\"image\/jpeg\" \/>\n<meta name=\"twitter:card\" content=\"summary_large_image\" \/>\n<meta name=\"twitter:label1\" content=\"Est. reading time\" \/>\n\t<meta name=\"twitter:data1\" content=\"1 minute\" \/>\n<script type=\"application\/ld+json\" class=\"yoast-schema-graph\">{\"@context\":\"https:\/\/schema.org\",\"@graph\":[{\"@type\":\"WebPage\",\"@id\":\"https:\/\/www.champagnejeangout.com\/en\/reve-champenois-2\/\",\"url\":\"https:\/\/www.champagnejeangout.com\/en\/reve-champenois-2\/\",\"name\":\"R\u00eave Champenois - Champagne Jeangout\",\"isPartOf\":{\"@id\":\"https:\/\/www.champagnejeangout.com\/en\/#website\"},\"primaryImageOfPage\":{\"@id\":\"https:\/\/www.champagnejeangout.com\/en\/reve-champenois-2\/#primaryimage\"},\"image\":{\"@id\":\"https:\/\/www.champagnejeangout.com\/en\/reve-champenois-2\/#primaryimage\"},\"thumbnailUrl\":\"https:\/\/www.champagnejeangout.com\/wp-content\/uploads\/2020\/08\/IMG_3745-1024x683.jpg\",\"datePublished\":\"2020-10-21T13:06:16+00:00\",\"dateModified\":\"2025-02-27T15:22:18+00:00\",\"description\":\"1998 In 1998, Sandrine created R\u00eave Champenois in Rilly-la-Montagne, with 4 rooms in a warm family setting. R\u00eave Champenois is located on the wine-growing\",\"breadcrumb\":{\"@id\":\"https:\/\/www.champagnejeangout.com\/en\/reve-champenois-2\/#breadcrumb\"},\"inLanguage\":\"en-US\",\"potentialAction\":[{\"@type\":\"ReadAction\",\"target\":[\"https:\/\/www.champagnejeangout.com\/en\/reve-champenois-2\/\"]}]},{\"@type\":\"ImageObject\",\"inLanguage\":\"en-US\",\"@id\":\"https:\/\/www.champagnejeangout.com\/en\/reve-champenois-2\/#primaryimage\",\"url\":\"https:\/\/www.champagnejeangout.com\/wp-content\/uploads\/2020\/08\/IMG_3745-1024x683.jpg\",\"contentUrl\":\"https:\/\/www.champagnejeangout.com\/wp-content\/uploads\/2020\/08\/IMG_3745-1024x683.jpg\"},{\"@type\":\"BreadcrumbList\",\"@id\":\"https:\/\/www.champagnejeangout.com\/en\/reve-champenois-2\/#breadcrumb\",\"itemListElement\":[{\"@type\":\"ListItem\",\"position\":1,\"name\":\"Accueil\",\"item\":\"https:\/\/www.champagnejeangout.com\/en\/\"},{\"@type\":\"ListItem\",\"position\":2,\"name\":\"R\u00eave Champenois\"}]},{\"@type\":\"WebSite\",\"@id\":\"https:\/\/www.champagnejeangout.com\/en\/#website\",\"url\":\"https:\/\/www.champagnejeangout.com\/en\/\",\"name\":\"Champagne Jeangout\",\"description\":\"Maison de Champagne &amp; Chambres d&#039;H\u00f4tes\",\"publisher\":{\"@id\":\"https:\/\/www.champagnejeangout.com\/en\/#organization\"},\"potentialAction\":[{\"@type\":\"SearchAction\",\"target\":{\"@type\":\"EntryPoint\",\"urlTemplate\":\"https:\/\/www.champagnejeangout.com\/en\/?s={search_term_string}\"},\"query-input\":{\"@type\":\"PropertyValueSpecification\",\"valueRequired\":true,\"valueName\":\"search_term_string\"}}],\"inLanguage\":\"en-US\"},{\"@type\":\"Organization\",\"@id\":\"https:\/\/www.champagnejeangout.com\/en\/#organization\",\"name\":\"Champage Jeangout\",\"url\":\"https:\/\/www.champagnejeangout.com\/en\/\",\"logo\":{\"@type\":\"ImageObject\",\"inLanguage\":\"en-US\",\"@id\":\"https:\/\/www.champagnejeangout.com\/en\/#\/schema\/logo\/image\/\",\"url\":\"https:\/\/www.champagnejeangout.com\/wp-content\/uploads\/2020\/07\/logo-champagne-jeangout.png\",\"contentUrl\":\"https:\/\/www.champagnejeangout.com\/wp-content\/uploads\/2020\/07\/logo-champagne-jeangout.png\",\"width\":600,\"height\":525,\"caption\":\"Champage Jeangout\"},\"image\":{\"@id\":\"https:\/\/www.champagnejeangout.com\/en\/#\/schema\/logo\/image\/\"},\"sameAs\":[\"https:\/\/www.facebook.com\/champagnejeangout\/\",\"https:\/\/www.instagram.com\/champagnejeangout\/\",\"https:\/\/www.linkedin.com\/company\/champagne-jeangout\/about\/\"]}]}<\/script>\n<!-- \/ Yoast SEO plugin. -->","yoast_head_json":{"title":"R\u00eave Champenois - Champagne Jeangout","description":"1998 In 1998, Sandrine created R\u00eave Champenois in Rilly-la-Montagne, with 4 rooms in a warm family setting. R\u00eave Champenois is located on the wine-growing","robots":{"index":"index","follow":"follow","max-snippet":"max-snippet:-1","max-image-preview":"max-image-preview:large","max-video-preview":"max-video-preview:-1"},"canonical":"https:\/\/www.champagnejeangout.com\/en\/reve-champenois-2\/","og_locale":"en_US","og_type":"article","og_title":"R\u00eave Champenois - Champagne Jeangout","og_description":"1998 In 1998, Sandrine created R\u00eave Champenois in Rilly-la-Montagne, with 4 rooms in a warm family setting. R\u00eave Champenois is located on the wine-growing","og_url":"https:\/\/www.champagnejeangout.com\/en\/reve-champenois-2\/","og_site_name":"Champagne Jeangout","article_publisher":"https:\/\/www.facebook.com\/champagnejeangout\/","article_modified_time":"2025-02-27T15:22:18+00:00","og_image":[{"width":2560,"height":1707,"url":"https:\/\/www.champagnejeangout.com\/wp-content\/uploads\/2020\/08\/IMG_3745-scaled.jpg","type":"image\/jpeg"}],"twitter_card":"summary_large_image","twitter_misc":{"Est. reading time":"1 minute"},"schema":{"@context":"https:\/\/schema.org","@graph":[{"@type":"WebPage","@id":"https:\/\/www.champagnejeangout.com\/en\/reve-champenois-2\/","url":"https:\/\/www.champagnejeangout.com\/en\/reve-champenois-2\/","name":"R\u00eave Champenois - Champagne Jeangout","isPartOf":{"@id":"https:\/\/www.champagnejeangout.com\/en\/#website"},"primaryImageOfPage":{"@id":"https:\/\/www.champagnejeangout.com\/en\/reve-champenois-2\/#primaryimage"},"image":{"@id":"https:\/\/www.champagnejeangout.com\/en\/reve-champenois-2\/#primaryimage"},"thumbnailUrl":"https:\/\/www.champagnejeangout.com\/wp-content\/uploads\/2020\/08\/IMG_3745-1024x683.jpg","datePublished":"2020-10-21T13:06:16+00:00","dateModified":"2025-02-27T15:22:18+00:00","description":"1998 In 1998, Sandrine created R\u00eave Champenois in Rilly-la-Montagne, with 4 rooms in a warm family setting. R\u00eave Champenois is located on the wine-growing","breadcrumb":{"@id":"https:\/\/www.champagnejeangout.com\/en\/reve-champenois-2\/#breadcrumb"},"inLanguage":"en-US","potentialAction":[{"@type":"ReadAction","target":["https:\/\/www.champagnejeangout.com\/en\/reve-champenois-2\/"]}]},{"@type":"ImageObject","inLanguage":"en-US","@id":"https:\/\/www.champagnejeangout.com\/en\/reve-champenois-2\/#primaryimage","url":"https:\/\/www.champagnejeangout.com\/wp-content\/uploads\/2020\/08\/IMG_3745-1024x683.jpg","contentUrl":"https:\/\/www.champagnejeangout.com\/wp-content\/uploads\/2020\/08\/IMG_3745-1024x683.jpg"},{"@type":"BreadcrumbList","@id":"https:\/\/www.champagnejeangout.com\/en\/reve-champenois-2\/#breadcrumb","itemListElement":[{"@type":"ListItem","position":1,"name":"Accueil","item":"https:\/\/www.champagnejeangout.com\/en\/"},{"@type":"ListItem","position":2,"name":"R\u00eave Champenois"}]},{"@type":"WebSite","@id":"https:\/\/www.champagnejeangout.com\/en\/#website","url":"https:\/\/www.champagnejeangout.com\/en\/","name":"Champagne Jeangout","description":"Maison de Champagne &amp; Chambres d&#039;H\u00f4tes","publisher":{"@id":"https:\/\/www.champagnejeangout.com\/en\/#organization"},"potentialAction":[{"@type":"SearchAction","target":{"@type":"EntryPoint","urlTemplate":"https:\/\/www.champagnejeangout.com\/en\/?s={search_term_string}"},"query-input":{"@type":"PropertyValueSpecification","valueRequired":true,"valueName":"search_term_string"}}],"inLanguage":"en-US"},{"@type":"Organization","@id":"https:\/\/www.champagnejeangout.com\/en\/#organization","name":"Champage Jeangout","url":"https:\/\/www.champagnejeangout.com\/en\/","logo":{"@type":"ImageObject","inLanguage":"en-US","@id":"https:\/\/www.champagnejeangout.com\/en\/#\/schema\/logo\/image\/","url":"https:\/\/www.champagnejeangout.com\/wp-content\/uploads\/2020\/07\/logo-champagne-jeangout.png","contentUrl":"https:\/\/www.champagnejeangout.com\/wp-content\/uploads\/2020\/07\/logo-champagne-jeangout.png","width":600,"height":525,"caption":"Champage Jeangout"},"image":{"@id":"https:\/\/www.champagnejeangout.com\/en\/#\/schema\/logo\/image\/"},"sameAs":["https:\/\/www.facebook.com\/champagnejeangout\/","https:\/\/www.instagram.com\/champagnejeangout\/","https:\/\/www.linkedin.com\/company\/champagne-jeangout\/about\/"]}]}},"jetpack_sharing_enabled":true,"_links":{"self":[{"href":"https:\/\/www.champagnejeangout.com\/en\/wp-json\/wp\/v2\/pages\/450","targetHints":{"allow":["GET"]}}],"collection":[{"href":"https:\/\/www.champagnejeangout.com\/en\/wp-json\/wp\/v2\/pages"}],"about":[{"href":"https:\/\/www.champagnejeangout.com\/en\/wp-json\/wp\/v2\/types\/page"}],"author":[{"embeddable":true,"href":"https:\/\/www.champagnejeangout.com\/en\/wp-json\/wp\/v2\/users\/3"}],"replies":[{"embeddable":true,"href":"https:\/\/www.champagnejeangout.com\/en\/wp-json\/wp\/v2\/comments?post=450"}],"version-history":[{"count":2,"href":"https:\/\/www.champagnejeangout.com\/en\/wp-json\/wp\/v2\/pages\/450\/revisions"}],"predecessor-version":[{"id":4783,"href":"https:\/\/www.champagnejeangout.com\/en\/wp-json\/wp\/v2\/pages\/450\/revisions\/4783"}],"wp:attachment":[{"href":"https:\/\/www.champagnejeangout.com\/en\/wp-json\/wp\/v2\/media?parent=450"}],"curies":[{"name":"wp","href":"https:\/\/api.w.org\/{rel}","templated":true}]}}